{"id":2747,"date":"2023-04-27T19:17:06","date_gmt":"2023-04-27T19:17:06","guid":{"rendered":"https:\/\/krisd23.sg-host.com\/?page_id=2747"},"modified":"2025-04-08T16:41:43","modified_gmt":"2025-04-08T16:41:43","slug":"carbonneutral","status":"publish","type":"page","link":"https:\/\/lightlife.com\/fr_ca\/carbonneutral\/","title":{"rendered":"Carboneutralit\u00e9"},"content":{"rendered":"<div data-elementor-type=\"wp-page\" data-elementor-id=\"2747\" class=\"elementor elementor-2747\" data-elementor-post-type=\"page\">\n\t\t\t\t\t\t\t\t\t<section data-dce-background-image-url=\"https:\/\/lightlife.com\/wp-content\/uploads\/2023\/03\/Untitled-design-77-1.jpg\" class=\"elementor-section elementor-top-section elementor-element elementor-element-0af5ff8 elementor-section-height-min-height elementor-section-boxed elementor-section-height-default elementor-section-items-middle\" data-id=\"0af5ff8\" data-element_type=\"section\" data-settings=\"{&quot;background_background&quot;:&quot;classic&quot;}\">\n\t\t\t\t\t\t<div class=\"elementor-container elementor-column-gap-default\">\n\t\t\t\t\t<div class=\"elementor-column elementor-col-50 elementor-top-column elementor-element elementor-element-0f619c0\" data-id=\"0f619c0\" data-element_type=\"column\">\n\t\t\t<div class=\"elementor-widget-wrap elementor-element-populated\">\n\t\t\t\t\t\t\t\t<section class=\"elementor-section elementor-inner-section elementor-element elementor-element-27efbe4 elementor-section-boxed elementor-section-height-default elementor-section-height-default\" data-id=\"27efbe4\" data-element_type=\"section\">\n\t\t\t\t\t\t<div class=\"elementor-container elementor-column-gap-default\">\n\t\t\t\t\t<div class=\"elementor-column elementor-col-100 elementor-inner-column elementor-element elementor-element-ace8fd0\" data-id=\"ace8fd0\" data-element_type=\"column\">\n\t\t\t<div class=\"elementor-widget-wrap elementor-element-populated\">\n\t\t\t\t\t\t\t\t<div class=\"elementor-element elementor-element-bb9ab46 elementor-widget__width-initial elementor-widget-tablet__width-inherit elementor-widget elementor-widget-heading\" data-id=\"bb9ab46\" data-element_type=\"widget\" data-widget_type=\"heading.default\">\n\t\t\t\t<div class=\"elementor-widget-container\">\n\t\t\t<style>\/*! elementor - v3.16.0 - 20-09-2023 *\/\n.elementor-heading-title{padding:0;margin:0;line-height:1}.elementor-widget-heading .elementor-heading-title[class*=elementor-size-]>a{color:inherit;font-size:inherit;line-height:inherit}.elementor-widget-heading .elementor-heading-title.elementor-size-small{font-size:15px}.elementor-widget-heading .elementor-heading-title.elementor-size-medium{font-size:19px}.elementor-widget-heading .elementor-heading-title.elementor-size-large{font-size:29px}.elementor-widget-heading .elementor-heading-title.elementor-size-xl{font-size:39px}.elementor-widget-heading .elementor-heading-title.elementor-size-xxl{font-size:59px}<\/style><h1 class=\"elementor-heading-title elementor-size-default\">Notre promesse de carboneutralit\u00e9<\/h1>\t\t<\/div>\n\t\t\t\t<\/div>\n\t\t\t\t<div class=\"elementor-element elementor-element-29b3527 elementor-widget__width-initial elementor-widget elementor-widget-text-editor\" data-id=\"29b3527\" data-element_type=\"widget\" data-widget_type=\"text-editor.default\">\n\t\t\t\t<div class=\"elementor-widget-container\">\n\t\t\t<style>\/*! elementor - v3.16.0 - 20-09-2023 *\/\n.elementor-widget-text-editor.elementor-drop-cap-view-stacked .elementor-drop-cap{background-color:#69727d;color:#fff}.elementor-widget-text-editor.elementor-drop-cap-view-framed .elementor-drop-cap{color:#69727d;border:3px solid;background-color:transparent}.elementor-widget-text-editor:not(.elementor-drop-cap-view-default) .elementor-drop-cap{margin-top:8px}.elementor-widget-text-editor:not(.elementor-drop-cap-view-default) .elementor-drop-cap-letter{width:1em;height:1em}.elementor-widget-text-editor .elementor-drop-cap{float:left;text-align:center;line-height:1;font-size:50px}.elementor-widget-text-editor .elementor-drop-cap-letter{display:inline-block}<\/style>\t\t\t\t<p>La nourriture v\u00e9g\u00e9tale aide \u00e0 r\u00e9duire l\u2019impact des humains sur le climat. Et notre engagement en faveur de la carboneutralit\u00e9 va au-del\u00e0 des aliments que nous produisons.<\/p>\t\t\t\t\t\t<\/div>\n\t\t\t\t<\/div>\n\t\t\t\t\t<\/div>\n\t\t<\/div>\n\t\t\t\t\t\t\t<\/div>\n\t\t<\/section>\n\t\t\t\t\t<\/div>\n\t\t<\/div>\n\t\t\t\t<div class=\"elementor-column elementor-col-50 elementor-top-column elementor-element elementor-element-77b727c\" data-id=\"77b727c\" data-element_type=\"column\" data-settings=\"{&quot;background_background&quot;:&quot;classic&quot;}\">\n\t\t\t<div class=\"elementor-widget-wrap elementor-element-populated\">\n\t\t\t\t\t\t\t\t<div class=\"elementor-element elementor-element-35318c7 elementor-widget elementor-widget-image\" data-id=\"35318c7\" data-element_type=\"widget\" data-widget_type=\"image.default\">\n\t\t\t\t<div class=\"elementor-widget-container\">\n\t\t\t<style>\/*! elementor - v3.16.0 - 20-09-2023 *\/\n.elementor-widget-image{text-align:center}.elementor-widget-image a{display:inline-block}.elementor-widget-image a img[src$=\".svg\"]{width:48px}.elementor-widget-image img{vertical-align:middle;display:inline-block}<\/style>\t\t\t\t\t\t\t\t\t\t\t\t<img loading=\"lazy\" decoding=\"async\" width=\"766\" height=\"650\" src=\"https:\/\/lightlife.com\/wp-content\/uploads\/2023\/05\/Untitled-design-42.png\" class=\"attachment-full size-full wp-image-4691\" alt=\"Carbon Neutral\" srcset=\"https:\/\/lightlife.com\/wp-content\/uploads\/2023\/05\/Untitled-design-42.png 766w, https:\/\/lightlife.com\/wp-content\/uploads\/2023\/05\/Untitled-design-42-300x255.png 300w, https:\/\/lightlife.com\/wp-content\/uploads\/2023\/05\/Untitled-design-42-600x509.png 600w\" sizes=\"auto, (max-width: 766px) 100vw, 766px\" \/>\t\t\t\t\t\t\t\t\t\t\t\t\t\t\t<\/div>\n\t\t\t\t<\/div>\n\t\t\t\t\t<\/div>\n\t\t<\/div>\n\t\t\t\t\t\t\t<\/div>\n\t\t<\/section>\n\t\t\t\t<section class=\"elementor-section elementor-top-section elementor-element elementor-element-1beaf37 elementor-reverse-mobile elementor-section-boxed elementor-section-height-default elementor-section-height-default\" data-id=\"1beaf37\" data-element_type=\"section\" data-settings=\"{&quot;background_background&quot;:&quot;classic&quot;}\">\n\t\t\t\t\t\t<div class=\"elementor-container elementor-column-gap-wider\">\n\t\t\t\t\t<div class=\"elementor-column elementor-col-50 elementor-top-column elementor-element elementor-element-2ec76a5\" data-id=\"2ec76a5\" data-element_type=\"column\">\n\t\t\t<div class=\"elementor-widget-wrap elementor-element-populated\">\n\t\t\t\t\t\t\t\t<div class=\"elementor-element elementor-element-21eda82 elementor-widget elementor-widget-image\" data-id=\"21eda82\" data-element_type=\"widget\" data-widget_type=\"image.default\">\n\t\t\t\t<div class=\"elementor-widget-container\">\n\t\t\t\t\t\t\t\t\t\t\t\t\t\t\t<img loading=\"lazy\" decoding=\"async\" width=\"750\" height=\"600\" src=\"https:\/\/lightlife.com\/wp-content\/uploads\/2023\/05\/Untitled-design.png\" class=\"attachment-full size-full wp-image-6064\" alt=\"\" srcset=\"https:\/\/lightlife.com\/wp-content\/uploads\/2023\/05\/Untitled-design.png 750w, https:\/\/lightlife.com\/wp-content\/uploads\/2023\/05\/Untitled-design-300x240.png 300w, https:\/\/lightlife.com\/wp-content\/uploads\/2023\/05\/Untitled-design-600x480.png 600w\" sizes=\"auto, (max-width: 750px) 100vw, 750px\" \/>\t\t\t\t\t\t\t\t\t\t\t\t\t\t\t<\/div>\n\t\t\t\t<\/div>\n\t\t\t\t\t<\/div>\n\t\t<\/div>\n\t\t\t\t<div class=\"elementor-column elementor-col-50 elementor-top-column elementor-element elementor-element-c569db9\" data-id=\"c569db9\" data-element_type=\"column\">\n\t\t\t<div class=\"elementor-widget-wrap elementor-element-populated\">\n\t\t\t\t\t\t\t\t<div class=\"elementor-element elementor-element-840c3cc elementor-widget__width-initial elementor-widget elementor-widget-heading\" data-id=\"840c3cc\" data-element_type=\"widget\" data-widget_type=\"heading.default\">\n\t\t\t\t<div class=\"elementor-widget-container\">\n\t\t\t<h2 class=\"elementor-heading-title elementor-size-default\">Que signifie \u00eatre carboneutre?<\/h2>\t\t<\/div>\n\t\t\t\t<\/div>\n\t\t\t\t<div class=\"elementor-element elementor-element-1fa712b elementor-widget__width-initial elementor-widget elementor-widget-text-editor\" data-id=\"1fa712b\" data-element_type=\"widget\" data-widget_type=\"text-editor.default\">\n\t\t\t\t<div class=\"elementor-widget-container\">\n\t\t\t\t\t\t\t<p>La carboneutralit\u00e9 signifie de faire tout ce qui est possible pour \u00e9liminer ou r\u00e9duire nos \u00e9missions de gaz \u00e0 effet de serre, et aussi de veiller \u00e0 ce que les \u00e9missions actuelles que nous rejetons in\u00e9vitablement dans l\u2019atmosph\u00e8re soient compens\u00e9es par l\u2019achat de cr\u00e9dits v\u00e9rifiables de haute qualit\u00e9 associ\u00e9s \u00e0 des projets environnementaux.<\/p>\t\t\t\t\t\t<\/div>\n\t\t\t\t<\/div>\n\t\t\t\t\t<\/div>\n\t\t<\/div>\n\t\t\t\t\t\t\t<\/div>\n\t\t<\/section>\n\t\t\t\t<section class=\"elementor-section elementor-top-section elementor-element elementor-element-3a2995e elementor-section-boxed elementor-section-height-default elementor-section-height-default\" data-id=\"3a2995e\" data-element_type=\"section\" data-settings=\"{&quot;background_background&quot;:&quot;classic&quot;}\">\n\t\t\t\t\t\t<div class=\"elementor-container elementor-column-gap-default\">\n\t\t\t\t\t<div class=\"elementor-column elementor-col-100 elementor-top-column elementor-element elementor-element-934e67e\" data-id=\"934e67e\" data-element_type=\"column\">\n\t\t\t<div class=\"elementor-widget-wrap elementor-element-populated\">\n\t\t\t\t\t\t\t\t<section class=\"elementor-section elementor-inner-section elementor-element elementor-element-e0e3661 elementor-section-boxed elementor-section-height-default elementor-section-height-default\" data-id=\"e0e3661\" data-element_type=\"section\">\n\t\t\t\t\t\t<div class=\"elementor-container elementor-column-gap-wider\">\n\t\t\t\t\t<div class=\"elementor-column elementor-col-33 elementor-inner-column elementor-element elementor-element-c76291b\" data-id=\"c76291b\" data-element_type=\"column\">\n\t\t\t<div class=\"elementor-widget-wrap elementor-element-populated\">\n\t\t\t\t\t\t\t\t<div class=\"elementor-element elementor-element-5e3402f elementor-widget elementor-widget-text-editor\" data-id=\"5e3402f\" data-element_type=\"widget\" data-widget_type=\"text-editor.default\">\n\t\t\t\t<div class=\"elementor-widget-container\">\n\t\t\t\t\t\t\t<p>R\u00c9DUCTION DES \u00c9MISSIONS<\/p>\t\t\t\t\t\t<\/div>\n\t\t\t\t<\/div>\n\t\t\t\t<div class=\"elementor-element elementor-element-ca54caa elementor-widget elementor-widget-text-editor\" data-id=\"ca54caa\" data-element_type=\"widget\" data-widget_type=\"text-editor.default\">\n\t\t\t\t<div class=\"elementor-widget-container\">\n\t\t\t\t\t\t\t<p>Nous nous sommes fix\u00e9 des objectifs fond\u00e9s sur la science approuv\u00e9s par l\u2019initiative Science Based Targets (SBTi) afin de r\u00e9duire nos \u00e9missions absolues de GES des champs d\u2019application 1 et 2 de 30 % d\u2019ici 2030 (par rapport \u00e0 l\u2019ann\u00e9e de r\u00e9f\u00e9rence 2018), de m\u00eame que l\u2019intensit\u00e9 (par tonne de produit fabriqu\u00e9) de nos \u00e9missions de GES du champ d\u2019application 3 de 30 % d\u2019ici 2030 (par rapport \u00e0 l\u2019ann\u00e9e de r\u00e9f\u00e9rence 2018).<\/p>\t\t\t\t\t\t<\/div>\n\t\t\t\t<\/div>\n\t\t\t\t\t<\/div>\n\t\t<\/div>\n\t\t\t\t<div class=\"elementor-column elementor-col-33 elementor-inner-column elementor-element elementor-element-1aec3d1\" data-id=\"1aec3d1\" data-element_type=\"column\">\n\t\t\t<div class=\"elementor-widget-wrap elementor-element-populated\">\n\t\t\t\t\t\t\t\t<div class=\"elementor-element elementor-element-c6628a2 elementor-widget elementor-widget-text-editor\" data-id=\"c6628a2\" data-element_type=\"widget\" data-widget_type=\"text-editor.default\">\n\t\t\t\t<div class=\"elementor-widget-container\">\n\t\t\t\t\t\t\t<p>ENSEMBLE, POUR L\u2019AVENIR DE LA PLAN\u00c8TE<\/p>\t\t\t\t\t\t<\/div>\n\t\t\t\t<\/div>\n\t\t\t\t<div class=\"elementor-element elementor-element-552c331 elementor-widget elementor-widget-text-editor\" data-id=\"552c331\" data-element_type=\"widget\" data-widget_type=\"text-editor.default\">\n\t\t\t\t<div class=\"elementor-widget-container\">\n\t\t\t\t\t\t\t<p>En tant que membre du groupe Les Aliments Maple Leaf, Lightlife\u00ae investit dans des projets v\u00e9rifi\u00e9s qui \u00e9liminent les \u00e9missions de carbone, notamment le projet d\u2019\u00e9vitement de conversion de prairies de Blue Source \u2013 Carroll dans le Montana, aux \u00c9tats-Unis et le projet de compostage des d\u00e9chets organiques de Cedar Grove \u2013 Maple Valley dans l\u2019\u00c9tat de Washington, aux \u00c9tats-Unis.<\/p><p><a class=\"css-1rn59kg\" title=\"https:\/\/www.mapleleaffoods.com\/fr\/nos-engagements\/environnement\/carboneutre\/\" href=\"https:\/\/www.mapleleaffoods.com\/fr\/nos-engagements\/environnement\/carboneutre\/\" data-testid=\"link-with-safety\" data-renderer-mark=\"true\"><u data-renderer-mark=\"true\">Cliquez ici pour en savoir plus<\/u><\/a><\/p>\t\t\t\t\t\t<\/div>\n\t\t\t\t<\/div>\n\t\t\t\t\t<\/div>\n\t\t<\/div>\n\t\t\t\t<div class=\"elementor-column elementor-col-33 elementor-inner-column elementor-element elementor-element-b0edea4\" data-id=\"b0edea4\" data-element_type=\"column\">\n\t\t\t<div class=\"elementor-widget-wrap elementor-element-populated\">\n\t\t\t\t\t\t\t\t<div class=\"elementor-element elementor-element-df25807 elementor-widget elementor-widget-text-editor\" data-id=\"df25807\" data-element_type=\"widget\" data-widget_type=\"text-editor.default\">\n\t\t\t\t<div class=\"elementor-widget-container\">\n\t\t\t\t\t\t\t<p>AM\u00c9LIORATION DU MILIEU DE TRAVAIL<\/p>\t\t\t\t\t\t<\/div>\n\t\t\t\t<\/div>\n\t\t\t\t<div class=\"elementor-element elementor-element-264ea49 elementor-widget elementor-widget-text-editor\" data-id=\"264ea49\" data-element_type=\"widget\" data-widget_type=\"text-editor.default\">\n\t\t\t\t<div class=\"elementor-widget-container\">\n\t\t\t\t\t\t\t<p>Pour r\u00e9duire notre empreinte carbone<span data-renderer-mark=\"true\">,<\/span>\u00a0nous travaillons continuellement sur des projets qui r\u00e9duisent notre empreinte environnementale en mettant l\u2019accent sur l\u2019\u00e9lectricit\u00e9, le gaz naturel, l\u2019eau, les d\u00e9chets alimentaires et les d\u00e9chets solides.<\/p>\t\t\t\t\t\t<\/div>\n\t\t\t\t<\/div>\n\t\t\t\t\t<\/div>\n\t\t<\/div>\n\t\t\t\t\t\t\t<\/div>\n\t\t<\/section>\n\t\t\t\t\t<\/div>\n\t\t<\/div>\n\t\t\t\t\t\t\t<\/div>\n\t\t<\/section>\n\t\t\t\t\t\t\t<\/div>","protected":false},"excerpt":{"rendered":"<p>Our carbon neutral promise Plant-based food helps reduce humans\u2019 impact on the climate. And our commitment to carbon neutrality goes beyond the food we produce. What does it mean to be carbon neutral? Carbon neutral means that we do everything in our power to avoid or reduce our emissions on our own, and any currently [&hellip;]<\/p>","protected":false},"author":1,"featured_media":0,"parent":0,"menu_order":0,"comment_status":"closed","ping_status":"closed","template":"elementor_header_footer","meta":{"footnotes":""},"class_list":["post-2747","page","type-page","status-publish","hentry"],"acf":[],"yoast_head":"<!-- This site is optimized with the Yoast SEO plugin v21.3 - https:\/\/yoast.com\/wordpress\/plugins\/seo\/ -->\n<title>Carbon Neutral - LightLife\u00ae<\/title>\n<meta name=\"description\" content=\"Enjoy delicious food made with quality ingredients so that you can make the most of every moment. LightLife\u2019s plant-based products are made to fuel your day without leaving you feeling sluggish.\" \/>\n<meta name=\"robots\" content=\"index, follow, max-snippet:-1, max-image-preview:large, max-video-preview:-1\" \/>\n<link rel=\"canonical\" href=\"https:\/\/lightlife.com\/fr_ca\/carbonneutral\/\" \/>\n<meta property=\"og:locale\" content=\"fr_CA\" \/>\n<meta property=\"og:type\" content=\"article\" \/>\n<meta property=\"og:title\" content=\"Carbon Neutral - LightLife\u00ae\" \/>\n<meta property=\"og:description\" content=\"Enjoy delicious food made with quality ingredients so that you can make the most of every moment. LightLife\u2019s plant-based products are made to fuel your day without leaving you feeling sluggish.\" \/>\n<meta property=\"og:url\" content=\"https:\/\/lightlife.com\/fr_ca\/carbonneutral\/\" \/>\n<meta property=\"og:site_name\" content=\"LightLife\u00ae\" \/>\n<meta property=\"article:modified_time\" content=\"2025-04-08T16:41:43+00:00\" \/>\n<meta property=\"og:image\" content=\"https:\/\/lightlife.com\/wp-content\/uploads\/2023\/05\/Untitled-design-42.png\" \/>\n<meta name=\"twitter:card\" content=\"summary_large_image\" \/>\n<meta name=\"twitter:label1\" content=\"Estimation du temps de lecture\" \/>\n\t<meta name=\"twitter:data1\" content=\"2 minutes\" \/>\n<script type=\"application\/ld+json\" class=\"yoast-schema-graph\">{\"@context\":\"https:\/\/schema.org\",\"@graph\":[{\"@type\":\"WebPage\",\"@id\":\"https:\/\/lightlife.com\/carbonneutral\/\",\"url\":\"https:\/\/lightlife.com\/carbonneutral\/\",\"name\":\"Carbon Neutral - LightLife\u00ae\",\"isPartOf\":{\"@id\":\"https:\/\/lightlife.com\/#website\"},\"datePublished\":\"2023-04-27T19:17:06+00:00\",\"dateModified\":\"2025-04-08T16:41:43+00:00\",\"description\":\"Enjoy delicious food made with quality ingredients so that you can make the most of every moment. LightLife\u2019s plant-based products are made to fuel your day without leaving you feeling sluggish.\",\"breadcrumb\":{\"@id\":\"https:\/\/lightlife.com\/carbonneutral\/#breadcrumb\"},\"inLanguage\":\"fr-CA\",\"potentialAction\":[{\"@type\":\"ReadAction\",\"target\":[\"https:\/\/lightlife.com\/carbonneutral\/\"]}]},{\"@type\":\"BreadcrumbList\",\"@id\":\"https:\/\/lightlife.com\/carbonneutral\/#breadcrumb\",\"itemListElement\":[{\"@type\":\"ListItem\",\"position\":1,\"name\":\"Home\",\"item\":\"https:\/\/lightlife.com\/\"},{\"@type\":\"ListItem\",\"position\":2,\"name\":\"Carbon Neutral\"}]},{\"@type\":\"WebSite\",\"@id\":\"https:\/\/lightlife.com\/#website\",\"url\":\"https:\/\/lightlife.com\/\",\"name\":\"LightLife\u00ae\",\"description\":\"\",\"potentialAction\":[{\"@type\":\"SearchAction\",\"target\":{\"@type\":\"EntryPoint\",\"urlTemplate\":\"https:\/\/lightlife.com\/?s={search_term_string}\"},\"query-input\":\"required name=search_term_string\"}],\"inLanguage\":\"fr-CA\"}]}<\/script>\n<!-- \/ Yoast SEO plugin. -->","yoast_head_json":{"title":"Carbon Neutral - LightLife\u00ae","description":"Enjoy delicious food made with quality ingredients so that you can make the most of every moment. LightLife\u2019s plant-based products are made to fuel your day without leaving you feeling sluggish.","robots":{"index":"index","follow":"follow","max-snippet":"max-snippet:-1","max-image-preview":"max-image-preview:large","max-video-preview":"max-video-preview:-1"},"canonical":"https:\/\/lightlife.com\/fr_ca\/carbonneutral\/","og_locale":"fr_CA","og_type":"article","og_title":"Carbon Neutral - LightLife\u00ae","og_description":"Enjoy delicious food made with quality ingredients so that you can make the most of every moment. LightLife\u2019s plant-based products are made to fuel your day without leaving you feeling sluggish.","og_url":"https:\/\/lightlife.com\/fr_ca\/carbonneutral\/","og_site_name":"LightLife\u00ae","article_modified_time":"2025-04-08T16:41:43+00:00","og_image":[{"url":"https:\/\/lightlife.com\/wp-content\/uploads\/2023\/05\/Untitled-design-42.png"}],"twitter_card":"summary_large_image","twitter_misc":{"Estimation du temps de lecture":"2 minutes"},"schema":{"@context":"https:\/\/schema.org","@graph":[{"@type":"WebPage","@id":"https:\/\/lightlife.com\/carbonneutral\/","url":"https:\/\/lightlife.com\/carbonneutral\/","name":"Carbon Neutral - LightLife\u00ae","isPartOf":{"@id":"https:\/\/lightlife.com\/#website"},"datePublished":"2023-04-27T19:17:06+00:00","dateModified":"2025-04-08T16:41:43+00:00","description":"Enjoy delicious food made with quality ingredients so that you can make the most of every moment. LightLife\u2019s plant-based products are made to fuel your day without leaving you feeling sluggish.","breadcrumb":{"@id":"https:\/\/lightlife.com\/carbonneutral\/#breadcrumb"},"inLanguage":"fr-CA","potentialAction":[{"@type":"ReadAction","target":["https:\/\/lightlife.com\/carbonneutral\/"]}]},{"@type":"BreadcrumbList","@id":"https:\/\/lightlife.com\/carbonneutral\/#breadcrumb","itemListElement":[{"@type":"ListItem","position":1,"name":"Home","item":"https:\/\/lightlife.com\/"},{"@type":"ListItem","position":2,"name":"Carbon Neutral"}]},{"@type":"WebSite","@id":"https:\/\/lightlife.com\/#website","url":"https:\/\/lightlife.com\/","name":"LightLife\u00ae","description":"","potentialAction":[{"@type":"SearchAction","target":{"@type":"EntryPoint","urlTemplate":"https:\/\/lightlife.com\/?s={search_term_string}"},"query-input":"required name=search_term_string"}],"inLanguage":"fr-CA"}]}},"_links":{"self":[{"href":"https:\/\/lightlife.com\/fr_ca\/wp-json\/wp\/v2\/pages\/2747","targetHints":{"allow":["GET"]}}],"collection":[{"href":"https:\/\/lightlife.com\/fr_ca\/wp-json\/wp\/v2\/pages"}],"about":[{"href":"https:\/\/lightlife.com\/fr_ca\/wp-json\/wp\/v2\/types\/page"}],"author":[{"embeddable":true,"href":"https:\/\/lightlife.com\/fr_ca\/wp-json\/wp\/v2\/users\/1"}],"replies":[{"embeddable":true,"href":"https:\/\/lightlife.com\/fr_ca\/wp-json\/wp\/v2\/comments?post=2747"}],"version-history":[{"count":59,"href":"https:\/\/lightlife.com\/fr_ca\/wp-json\/wp\/v2\/pages\/2747\/revisions"}],"predecessor-version":[{"id":7375,"href":"https:\/\/lightlife.com\/fr_ca\/wp-json\/wp\/v2\/pages\/2747\/revisions\/7375"}],"wp:attachment":[{"href":"https:\/\/lightlife.com\/fr_ca\/wp-json\/wp\/v2\/media?parent=2747"}],"curies":[{"name":"wp","href":"https:\/\/api.w.org\/{rel}","templated":true}]}}