{"id":1617,"date":"2023-04-10T13:57:10","date_gmt":"2023-04-10T13:57:10","guid":{"rendered":"https:\/\/krisd23.sg-host.com\/?post_type=product&#038;p=1617"},"modified":"2024-03-21T21:38:21","modified_gmt":"2024-03-21T21:38:21","slug":"smoky-tempeh-strips","status":"publish","type":"product","link":"https:\/\/lightlife.com\/fr_ca\/produit\/smoky-tempeh-strips\/","title":{"rendered":"SMOKY TEMPEH STRIPS\u00ae"},"content":{"rendered":"","protected":false},"excerpt":{"rendered":"<div class=\"page\" title=\"Page 1\">\n<div class=\"layoutArea\">\n<div class=\"column\">\n<div class=\"et_pb_module et_pb_text et_pb_text_1 et_pb_bg_layout_light et_pb_text_align_left\">\n<div class=\"et_pb_text_inner\">\n<div class=\"sc-caSCKo epQEoo sc-fBuWsC bXSpjw\">\n<div class=\"sc-fMiknA gzMBVH\">\n<div class=\"sc-fAjcbJ sc-gisBJw dyKaDV\" data-test-id=\"content\">\n<p class=\"styles__Root-sc-15iyh5a-0 ezamoy sc-bwzfXH iBqGEz styles__Root-sc-1myek4t-0 hZLMpY\">Notre tempeh biologique fum\u00e9 ferment\u00e9 est un superaliment polyvalent contenant 12 g de prot\u00e9ine compl\u00e8te par portion. Essayez-le pour remplacer le bacon dans un sandwich d\u00e9jeuner ou en morceaux dans une salade.<\/p>\n<\/div>\n<\/div>\n<\/div>\n<\/div>\n<\/div>\n<\/div>\n<\/div>\n<\/div>","protected":false},"featured_media":1832,"template":"","meta":[],"product_cat":[31],"product_tag":[],"class_list":["post-1617","product","type-product","status-publish","has-post-thumbnail","hentry","product_cat-tempeh"],"acf":[],"yoast_head":"<!-- This site is optimized with the Yoast SEO plugin v21.3 - https:\/\/yoast.com\/wordpress\/plugins\/seo\/ -->\n<title>Smoky Tempeh Strips\u00ae - LightLife\u00ae<\/title>\n<meta name=\"robots\" content=\"index, follow, max-snippet:-1, max-image-preview:large, max-video-preview:-1\" \/>\n<link rel=\"canonical\" href=\"https:\/\/lightlife.com\/fr_ca\/produit\/smoky-tempeh-strips\/\" \/>\n<meta property=\"og:locale\" content=\"fr_CA\" \/>\n<meta property=\"og:type\" content=\"article\" \/>\n<meta property=\"og:title\" content=\"Smoky Tempeh Strips\u00ae - LightLife\u00ae\" \/>\n<meta property=\"og:description\" content=\"Our fermented, organic Smoky Tempeh is a super versatile superfood, with 12g of complete protein per serving. Try it as a bacon alternative on breakfast sandwiches or in wedge salads for a quick, easy, delicious meal.\" \/>\n<meta property=\"og:url\" content=\"https:\/\/lightlife.com\/fr_ca\/produit\/smoky-tempeh-strips\/\" \/>\n<meta property=\"og:site_name\" content=\"LightLife\u00ae\" \/>\n<meta property=\"article:modified_time\" content=\"2024-03-21T21:38:21+00:00\" \/>\n<meta property=\"og:image\" content=\"https:\/\/lightlife.com\/wp-content\/uploads\/2023\/04\/77.png\" \/>\n\t<meta property=\"og:image:width\" content=\"800\" \/>\n\t<meta property=\"og:image:height\" content=\"800\" \/>\n\t<meta property=\"og:image:type\" content=\"image\/png\" \/>\n<meta name=\"twitter:card\" content=\"summary_large_image\" \/>\n<script type=\"application\/ld+json\" class=\"yoast-schema-graph\">{\"@context\":\"https:\/\/schema.org\",\"@graph\":[{\"@type\":\"WebPage\",\"@id\":\"https:\/\/lightlife.com\/product\/smoky-tempeh-strips\/\",\"url\":\"https:\/\/lightlife.com\/product\/smoky-tempeh-strips\/\",\"name\":\"Smoky Tempeh Strips\u00ae - LightLife\u00ae\",\"isPartOf\":{\"@id\":\"https:\/\/lightlife.com\/#website\"},\"datePublished\":\"2023-04-10T13:57:10+00:00\",\"dateModified\":\"2024-03-21T21:38:21+00:00\",\"breadcrumb\":{\"@id\":\"https:\/\/lightlife.com\/product\/smoky-tempeh-strips\/#breadcrumb\"},\"inLanguage\":\"fr-CA\",\"potentialAction\":[{\"@type\":\"ReadAction\",\"target\":[\"https:\/\/lightlife.com\/product\/smoky-tempeh-strips\/\"]}]},{\"@type\":\"BreadcrumbList\",\"@id\":\"https:\/\/lightlife.com\/product\/smoky-tempeh-strips\/#breadcrumb\",\"itemListElement\":[{\"@type\":\"ListItem\",\"position\":1,\"name\":\"Home\",\"item\":\"https:\/\/lightlife.com\/\"},{\"@type\":\"ListItem\",\"position\":2,\"name\":\"Products\",\"item\":\"https:\/\/lightlife.com\/shop\/\"},{\"@type\":\"ListItem\",\"position\":3,\"name\":\"Smoky Tempeh Strips\u00ae\"}]},{\"@type\":\"WebSite\",\"@id\":\"https:\/\/lightlife.com\/#website\",\"url\":\"https:\/\/lightlife.com\/\",\"name\":\"LightLife\u00ae\",\"description\":\"\",\"potentialAction\":[{\"@type\":\"SearchAction\",\"target\":{\"@type\":\"EntryPoint\",\"urlTemplate\":\"https:\/\/lightlife.com\/?s={search_term_string}\"},\"query-input\":\"required name=search_term_string\"}],\"inLanguage\":\"fr-CA\"}]}<\/script>\n<!-- \/ Yoast SEO plugin. -->","yoast_head_json":{"title":"Smoky Tempeh Strips\u00ae - LightLife\u00ae","robots":{"index":"index","follow":"follow","max-snippet":"max-snippet:-1","max-image-preview":"max-image-preview:large","max-video-preview":"max-video-preview:-1"},"canonical":"https:\/\/lightlife.com\/fr_ca\/produit\/smoky-tempeh-strips\/","og_locale":"fr_CA","og_type":"article","og_title":"Smoky Tempeh Strips\u00ae - LightLife\u00ae","og_description":"Our fermented, organic Smoky Tempeh is a super versatile superfood, with 12g of complete protein per serving. Try it as a bacon alternative on breakfast sandwiches or in wedge salads for a quick, easy, delicious meal.","og_url":"https:\/\/lightlife.com\/fr_ca\/produit\/smoky-tempeh-strips\/","og_site_name":"LightLife\u00ae","article_modified_time":"2024-03-21T21:38:21+00:00","og_image":[{"width":800,"height":800,"url":"https:\/\/lightlife.com\/wp-content\/uploads\/2023\/04\/77.png","type":"image\/png"}],"twitter_card":"summary_large_image","schema":{"@context":"https:\/\/schema.org","@graph":[{"@type":"WebPage","@id":"https:\/\/lightlife.com\/product\/smoky-tempeh-strips\/","url":"https:\/\/lightlife.com\/product\/smoky-tempeh-strips\/","name":"Smoky Tempeh Strips\u00ae - LightLife\u00ae","isPartOf":{"@id":"https:\/\/lightlife.com\/#website"},"datePublished":"2023-04-10T13:57:10+00:00","dateModified":"2024-03-21T21:38:21+00:00","breadcrumb":{"@id":"https:\/\/lightlife.com\/product\/smoky-tempeh-strips\/#breadcrumb"},"inLanguage":"fr-CA","potentialAction":[{"@type":"ReadAction","target":["https:\/\/lightlife.com\/product\/smoky-tempeh-strips\/"]}]},{"@type":"BreadcrumbList","@id":"https:\/\/lightlife.com\/product\/smoky-tempeh-strips\/#breadcrumb","itemListElement":[{"@type":"ListItem","position":1,"name":"Home","item":"https:\/\/lightlife.com\/"},{"@type":"ListItem","position":2,"name":"Products","item":"https:\/\/lightlife.com\/shop\/"},{"@type":"ListItem","position":3,"name":"Smoky Tempeh Strips\u00ae"}]},{"@type":"WebSite","@id":"https:\/\/lightlife.com\/#website","url":"https:\/\/lightlife.com\/","name":"LightLife\u00ae","description":"","potentialAction":[{"@type":"SearchAction","target":{"@type":"EntryPoint","urlTemplate":"https:\/\/lightlife.com\/?s={search_term_string}"},"query-input":"required name=search_term_string"}],"inLanguage":"fr-CA"}]}},"_links":{"self":[{"href":"https:\/\/lightlife.com\/fr_ca\/wp-json\/wp\/v2\/product\/1617","targetHints":{"allow":["GET"]}}],"collection":[{"href":"https:\/\/lightlife.com\/fr_ca\/wp-json\/wp\/v2\/product"}],"about":[{"href":"https:\/\/lightlife.com\/fr_ca\/wp-json\/wp\/v2\/types\/product"}],"wp:featuredmedia":[{"embeddable":true,"href":"https:\/\/lightlife.com\/fr_ca\/wp-json\/wp\/v2\/media\/1832"}],"wp:attachment":[{"href":"https:\/\/lightlife.com\/fr_ca\/wp-json\/wp\/v2\/media?parent=1617"}],"wp:term":[{"taxonomy":"product_cat","embeddable":true,"href":"https:\/\/lightlife.com\/fr_ca\/wp-json\/wp\/v2\/product_cat?post=1617"},{"taxonomy":"product_tag","embeddable":true,"href":"https:\/\/lightlife.com\/fr_ca\/wp-json\/wp\/v2\/product_tag?post=1617"}],"curies":[{"name":"wp","href":"https:\/\/api.w.org\/{rel}","templated":true}]}}