{"id":1623,"date":"2023-04-10T13:59:39","date_gmt":"2023-04-10T13:59:39","guid":{"rendered":"https:\/\/krisd23.sg-host.com\/?post_type=product&#038;p=1623"},"modified":"2024-01-23T17:15:39","modified_gmt":"2024-01-23T17:15:39","slug":"smart-ground-original","status":"publish","type":"product","link":"https:\/\/lightlife.com\/fr_ca\/produit\/smart-ground-original\/","title":{"rendered":"SMART GROUND\u00ae ORIGINAL"},"content":{"rendered":"","protected":false},"excerpt":{"rendered":"<div class=\"page\" title=\"Page 1\">\n<div class=\"layoutArea\">\n<div class=\"column\">\n<div class=\"et_pb_module et_pb_text et_pb_text_1 et_pb_bg_layout_light et_pb_text_align_left\">\n<div class=\"et_pb_text_inner\">\n<div class=\"sc-caSCKo epQEoo sc-fBuWsC bXSpjw\">\n<div class=\"sc-fMiknA gzMBVH\">\n<div class=\"sc-fAjcbJ sc-gisBJw dyKaDV\" data-test-id=\"content\">\n<p class=\"styles__Root-sc-15iyh5a-0 ezamoy sc-bwzfXH iBqGEz styles__Root-sc-1myek4t-0 hZLMpY\">Utilisez notre hach\u00e9 de similiviande polyvalent Smart Ground\u1d39\u1d30 Original pour pr\u00e9parer vos plats pr\u00e9f\u00e9r\u00e9s et profiter sans remords d\u2019un repas savoureux.<\/p>\n<\/div>\n<\/div>\n<\/div>\n<\/div>\n<\/div>\n<\/div>\n<\/div>\n<\/div>","protected":false},"featured_media":1864,"template":"","meta":[],"product_cat":[32],"product_tag":[],"class_list":["post-1623","product","type-product","status-publish","has-post-thumbnail","hentry","product_cat-ground"],"acf":[],"yoast_head":"<!-- This site is optimized with the Yoast SEO plugin v21.3 - https:\/\/yoast.com\/wordpress\/plugins\/seo\/ -->\n<title>Smart Ground\u00ae Original - LightLife\u00ae<\/title>\n<meta name=\"robots\" content=\"index, follow, max-snippet:-1, max-image-preview:large, max-video-preview:-1\" \/>\n<link rel=\"canonical\" href=\"https:\/\/lightlife.com\/fr_ca\/produit\/smart-ground-original\/\" \/>\n<meta property=\"og:locale\" content=\"fr_CA\" \/>\n<meta property=\"og:type\" content=\"article\" \/>\n<meta property=\"og:title\" content=\"Smart Ground\u00ae Original - LightLife\u00ae\" \/>\n<meta property=\"og:description\" content=\"Cook up our Smart Ground\u00ae Original, a versatile crumble that you can use to create your favorite dishes to enjoy a delicious meal and feel good.\" \/>\n<meta property=\"og:url\" content=\"https:\/\/lightlife.com\/fr_ca\/produit\/smart-ground-original\/\" \/>\n<meta property=\"og:site_name\" content=\"LightLife\u00ae\" \/>\n<meta property=\"article:modified_time\" content=\"2024-01-23T17:15:39+00:00\" \/>\n<meta property=\"og:image\" content=\"https:\/\/lightlife.com\/wp-content\/uploads\/2023\/04\/All-product-images-LL-1.png\" \/>\n\t<meta property=\"og:image:width\" content=\"800\" \/>\n\t<meta property=\"og:image:height\" content=\"800\" \/>\n\t<meta property=\"og:image:type\" content=\"image\/png\" \/>\n<meta name=\"twitter:card\" content=\"summary_large_image\" \/>\n<script type=\"application\/ld+json\" class=\"yoast-schema-graph\">{\"@context\":\"https:\/\/schema.org\",\"@graph\":[{\"@type\":\"WebPage\",\"@id\":\"https:\/\/lightlife.com\/product\/smart-ground-original\/\",\"url\":\"https:\/\/lightlife.com\/product\/smart-ground-original\/\",\"name\":\"Smart Ground\u00ae Original - LightLife\u00ae\",\"isPartOf\":{\"@id\":\"https:\/\/lightlife.com\/#website\"},\"datePublished\":\"2023-04-10T13:59:39+00:00\",\"dateModified\":\"2024-01-23T17:15:39+00:00\",\"breadcrumb\":{\"@id\":\"https:\/\/lightlife.com\/product\/smart-ground-original\/#breadcrumb\"},\"inLanguage\":\"fr-CA\",\"potentialAction\":[{\"@type\":\"ReadAction\",\"target\":[\"https:\/\/lightlife.com\/product\/smart-ground-original\/\"]}]},{\"@type\":\"BreadcrumbList\",\"@id\":\"https:\/\/lightlife.com\/product\/smart-ground-original\/#breadcrumb\",\"itemListElement\":[{\"@type\":\"ListItem\",\"position\":1,\"name\":\"Home\",\"item\":\"https:\/\/lightlife.com\/\"},{\"@type\":\"ListItem\",\"position\":2,\"name\":\"Products\",\"item\":\"https:\/\/lightlife.com\/shop\/\"},{\"@type\":\"ListItem\",\"position\":3,\"name\":\"Smart Ground\u00ae Original\"}]},{\"@type\":\"WebSite\",\"@id\":\"https:\/\/lightlife.com\/#website\",\"url\":\"https:\/\/lightlife.com\/\",\"name\":\"LightLife\u00ae\",\"description\":\"\",\"potentialAction\":[{\"@type\":\"SearchAction\",\"target\":{\"@type\":\"EntryPoint\",\"urlTemplate\":\"https:\/\/lightlife.com\/?s={search_term_string}\"},\"query-input\":\"required name=search_term_string\"}],\"inLanguage\":\"fr-CA\"}]}<\/script>\n<!-- \/ Yoast SEO plugin. -->","yoast_head_json":{"title":"Smart Ground\u00ae Original - LightLife\u00ae","robots":{"index":"index","follow":"follow","max-snippet":"max-snippet:-1","max-image-preview":"max-image-preview:large","max-video-preview":"max-video-preview:-1"},"canonical":"https:\/\/lightlife.com\/fr_ca\/produit\/smart-ground-original\/","og_locale":"fr_CA","og_type":"article","og_title":"Smart Ground\u00ae Original - LightLife\u00ae","og_description":"Cook up our Smart Ground\u00ae Original, a versatile crumble that you can use to create your favorite dishes to enjoy a delicious meal and feel good.","og_url":"https:\/\/lightlife.com\/fr_ca\/produit\/smart-ground-original\/","og_site_name":"LightLife\u00ae","article_modified_time":"2024-01-23T17:15:39+00:00","og_image":[{"width":800,"height":800,"url":"https:\/\/lightlife.com\/wp-content\/uploads\/2023\/04\/All-product-images-LL-1.png","type":"image\/png"}],"twitter_card":"summary_large_image","schema":{"@context":"https:\/\/schema.org","@graph":[{"@type":"WebPage","@id":"https:\/\/lightlife.com\/product\/smart-ground-original\/","url":"https:\/\/lightlife.com\/product\/smart-ground-original\/","name":"Smart Ground\u00ae Original - LightLife\u00ae","isPartOf":{"@id":"https:\/\/lightlife.com\/#website"},"datePublished":"2023-04-10T13:59:39+00:00","dateModified":"2024-01-23T17:15:39+00:00","breadcrumb":{"@id":"https:\/\/lightlife.com\/product\/smart-ground-original\/#breadcrumb"},"inLanguage":"fr-CA","potentialAction":[{"@type":"ReadAction","target":["https:\/\/lightlife.com\/product\/smart-ground-original\/"]}]},{"@type":"BreadcrumbList","@id":"https:\/\/lightlife.com\/product\/smart-ground-original\/#breadcrumb","itemListElement":[{"@type":"ListItem","position":1,"name":"Home","item":"https:\/\/lightlife.com\/"},{"@type":"ListItem","position":2,"name":"Products","item":"https:\/\/lightlife.com\/shop\/"},{"@type":"ListItem","position":3,"name":"Smart Ground\u00ae Original"}]},{"@type":"WebSite","@id":"https:\/\/lightlife.com\/#website","url":"https:\/\/lightlife.com\/","name":"LightLife\u00ae","description":"","potentialAction":[{"@type":"SearchAction","target":{"@type":"EntryPoint","urlTemplate":"https:\/\/lightlife.com\/?s={search_term_string}"},"query-input":"required name=search_term_string"}],"inLanguage":"fr-CA"}]}},"_links":{"self":[{"href":"https:\/\/lightlife.com\/fr_ca\/wp-json\/wp\/v2\/product\/1623","targetHints":{"allow":["GET"]}}],"collection":[{"href":"https:\/\/lightlife.com\/fr_ca\/wp-json\/wp\/v2\/product"}],"about":[{"href":"https:\/\/lightlife.com\/fr_ca\/wp-json\/wp\/v2\/types\/product"}],"wp:featuredmedia":[{"embeddable":true,"href":"https:\/\/lightlife.com\/fr_ca\/wp-json\/wp\/v2\/media\/1864"}],"wp:attachment":[{"href":"https:\/\/lightlife.com\/fr_ca\/wp-json\/wp\/v2\/media?parent=1623"}],"wp:term":[{"taxonomy":"product_cat","embeddable":true,"href":"https:\/\/lightlife.com\/fr_ca\/wp-json\/wp\/v2\/product_cat?post=1623"},{"taxonomy":"product_tag","embeddable":true,"href":"https:\/\/lightlife.com\/fr_ca\/wp-json\/wp\/v2\/product_tag?post=1623"}],"curies":[{"name":"wp","href":"https:\/\/api.w.org\/{rel}","templated":true}]}}