{"id":1636,"date":"2023-04-10T14:07:02","date_gmt":"2023-04-10T14:07:02","guid":{"rendered":"https:\/\/krisd23.sg-host.com\/?post_type=product&#038;p=1636"},"modified":"2024-04-27T04:03:29","modified_gmt":"2024-04-27T04:03:29","slug":"hardwood-smoked-deli-slices","status":"publish","type":"product","link":"https:\/\/lightlife.com\/fr_ca\/produit\/hardwood-smoked-deli-slices\/","title":{"rendered":"Tranches de charcuterie fum\u00e9es sur bois dur"},"content":{"rendered":"","protected":false},"excerpt":{"rendered":"<div class=\"page\" title=\"Page 1\">\n<div class=\"layoutArea\">\n<div class=\"column\">\n<p class=\"p1\">Utilisez nos tranches de charcuterie fum\u00e9es sur bois dur \u00e0 base v\u00e9g\u00e9tale, id\u00e9ales pour pr\u00e9parer votre sandwich pr\u00e9f\u00e9r\u00e9, et profitez sans remords d\u2019un repas savoureux.<\/p>\n<\/div>\n<\/div>\n<\/div>","protected":false},"featured_media":6956,"template":"","meta":[],"product_cat":[35],"product_tag":[],"class_list":["post-1636","product","type-product","status-publish","has-post-thumbnail","hentry","product_cat-deli"],"acf":[],"yoast_head":"<!-- This site is optimized with the Yoast SEO plugin v21.3 - https:\/\/yoast.com\/wordpress\/plugins\/seo\/ -->\n<title>Hardwood Smoked Deli Slices - LightLife\u00ae<\/title>\n<meta name=\"robots\" content=\"index, follow, max-snippet:-1, max-image-preview:large, max-video-preview:-1\" \/>\n<link rel=\"canonical\" href=\"https:\/\/lightlife.com\/fr_ca\/produit\/hardwood-smoked-deli-slices\/\" \/>\n<meta property=\"og:locale\" content=\"fr_CA\" \/>\n<meta property=\"og:type\" content=\"article\" \/>\n<meta property=\"og:title\" content=\"Hardwood Smoked Deli Slices - LightLife\u00ae\" \/>\n<meta property=\"og:description\" content=\"Our Hardwood Smoked Plant-Based Deli Slices are ideal for your favorite sandwich so you can enjoy a delicious meal and feel good.\" \/>\n<meta property=\"og:url\" content=\"https:\/\/lightlife.com\/fr_ca\/produit\/hardwood-smoked-deli-slices\/\" \/>\n<meta property=\"og:site_name\" content=\"LightLife\u00ae\" \/>\n<meta property=\"article:modified_time\" content=\"2024-04-27T04:03:29+00:00\" \/>\n<meta property=\"og:image\" content=\"https:\/\/lightlife.com\/wp-content\/uploads\/2023\/04\/hardwood-smoked-deli-slices-1024x1024.png\" \/>\n\t<meta property=\"og:image:width\" content=\"1024\" \/>\n\t<meta property=\"og:image:height\" content=\"1024\" \/>\n\t<meta property=\"og:image:type\" content=\"image\/png\" \/>\n<meta name=\"twitter:card\" content=\"summary_large_image\" \/>\n<script type=\"application\/ld+json\" class=\"yoast-schema-graph\">{\"@context\":\"https:\/\/schema.org\",\"@graph\":[{\"@type\":\"WebPage\",\"@id\":\"https:\/\/lightlife.com\/fr_ca\/produit\/hardwood-smoked-deli-slices\/\",\"url\":\"https:\/\/lightlife.com\/fr_ca\/produit\/hardwood-smoked-deli-slices\/\",\"name\":\"Hardwood Smoked Deli Slices - LightLife\u00ae\",\"isPartOf\":{\"@id\":\"https:\/\/lightlife.com\/#website\"},\"datePublished\":\"2023-04-10T14:07:02+00:00\",\"dateModified\":\"2024-04-27T04:03:29+00:00\",\"breadcrumb\":{\"@id\":\"https:\/\/lightlife.com\/fr_ca\/produit\/hardwood-smoked-deli-slices\/#breadcrumb\"},\"inLanguage\":\"fr-CA\",\"potentialAction\":[{\"@type\":\"ReadAction\",\"target\":[\"https:\/\/lightlife.com\/fr_ca\/produit\/hardwood-smoked-deli-slices\/\"]}]},{\"@type\":\"BreadcrumbList\",\"@id\":\"https:\/\/lightlife.com\/fr_ca\/produit\/hardwood-smoked-deli-slices\/#breadcrumb\",\"itemListElement\":[{\"@type\":\"ListItem\",\"position\":1,\"name\":\"Home\",\"item\":\"https:\/\/lightlife.com\/\"},{\"@type\":\"ListItem\",\"position\":2,\"name\":\"Products\",\"item\":\"https:\/\/lightlife.com\/shop\/\"},{\"@type\":\"ListItem\",\"position\":3,\"name\":\"Hardwood Smoked Deli Slices\"}]},{\"@type\":\"WebSite\",\"@id\":\"https:\/\/lightlife.com\/#website\",\"url\":\"https:\/\/lightlife.com\/\",\"name\":\"LightLife\u00ae\",\"description\":\"\",\"potentialAction\":[{\"@type\":\"SearchAction\",\"target\":{\"@type\":\"EntryPoint\",\"urlTemplate\":\"https:\/\/lightlife.com\/?s={search_term_string}\"},\"query-input\":\"required name=search_term_string\"}],\"inLanguage\":\"fr-CA\"}]}<\/script>\n<!-- \/ Yoast SEO plugin. -->","yoast_head_json":{"title":"Hardwood Smoked Deli Slices - LightLife\u00ae","robots":{"index":"index","follow":"follow","max-snippet":"max-snippet:-1","max-image-preview":"max-image-preview:large","max-video-preview":"max-video-preview:-1"},"canonical":"https:\/\/lightlife.com\/fr_ca\/produit\/hardwood-smoked-deli-slices\/","og_locale":"fr_CA","og_type":"article","og_title":"Hardwood Smoked Deli Slices - LightLife\u00ae","og_description":"Our Hardwood Smoked Plant-Based Deli Slices are ideal for your favorite sandwich so you can enjoy a delicious meal and feel good.","og_url":"https:\/\/lightlife.com\/fr_ca\/produit\/hardwood-smoked-deli-slices\/","og_site_name":"LightLife\u00ae","article_modified_time":"2024-04-27T04:03:29+00:00","og_image":[{"width":1024,"height":1024,"url":"https:\/\/lightlife.com\/wp-content\/uploads\/2023\/04\/hardwood-smoked-deli-slices-1024x1024.png","type":"image\/png"}],"twitter_card":"summary_large_image","schema":{"@context":"https:\/\/schema.org","@graph":[{"@type":"WebPage","@id":"https:\/\/lightlife.com\/fr_ca\/produit\/hardwood-smoked-deli-slices\/","url":"https:\/\/lightlife.com\/fr_ca\/produit\/hardwood-smoked-deli-slices\/","name":"Hardwood Smoked Deli Slices - LightLife\u00ae","isPartOf":{"@id":"https:\/\/lightlife.com\/#website"},"datePublished":"2023-04-10T14:07:02+00:00","dateModified":"2024-04-27T04:03:29+00:00","breadcrumb":{"@id":"https:\/\/lightlife.com\/fr_ca\/produit\/hardwood-smoked-deli-slices\/#breadcrumb"},"inLanguage":"fr-CA","potentialAction":[{"@type":"ReadAction","target":["https:\/\/lightlife.com\/fr_ca\/produit\/hardwood-smoked-deli-slices\/"]}]},{"@type":"BreadcrumbList","@id":"https:\/\/lightlife.com\/fr_ca\/produit\/hardwood-smoked-deli-slices\/#breadcrumb","itemListElement":[{"@type":"ListItem","position":1,"name":"Home","item":"https:\/\/lightlife.com\/"},{"@type":"ListItem","position":2,"name":"Products","item":"https:\/\/lightlife.com\/shop\/"},{"@type":"ListItem","position":3,"name":"Hardwood Smoked Deli Slices"}]},{"@type":"WebSite","@id":"https:\/\/lightlife.com\/#website","url":"https:\/\/lightlife.com\/","name":"LightLife\u00ae","description":"","potentialAction":[{"@type":"SearchAction","target":{"@type":"EntryPoint","urlTemplate":"https:\/\/lightlife.com\/?s={search_term_string}"},"query-input":"required name=search_term_string"}],"inLanguage":"fr-CA"}]}},"_links":{"self":[{"href":"https:\/\/lightlife.com\/fr_ca\/wp-json\/wp\/v2\/product\/1636","targetHints":{"allow":["GET"]}}],"collection":[{"href":"https:\/\/lightlife.com\/fr_ca\/wp-json\/wp\/v2\/product"}],"about":[{"href":"https:\/\/lightlife.com\/fr_ca\/wp-json\/wp\/v2\/types\/product"}],"wp:featuredmedia":[{"embeddable":true,"href":"https:\/\/lightlife.com\/fr_ca\/wp-json\/wp\/v2\/media\/6956"}],"wp:attachment":[{"href":"https:\/\/lightlife.com\/fr_ca\/wp-json\/wp\/v2\/media?parent=1636"}],"wp:term":[{"taxonomy":"product_cat","embeddable":true,"href":"https:\/\/lightlife.com\/fr_ca\/wp-json\/wp\/v2\/product_cat?post=1636"},{"taxonomy":"product_tag","embeddable":true,"href":"https:\/\/lightlife.com\/fr_ca\/wp-json\/wp\/v2\/product_tag?post=1636"}],"curies":[{"name":"wp","href":"https:\/\/api.w.org\/{rel}","templated":true}]}}